{"id":7753,"date":"2026-01-19T12:03:52","date_gmt":"2026-01-19T11:03:52","guid":{"rendered":"https:\/\/b2w.aquasant.com\/services\/service-repairs\/"},"modified":"2026-01-21T10:29:18","modified_gmt":"2026-01-21T09:29:18","slug":"service-repairs","status":"publish","type":"page","link":"https:\/\/b2w.aquasant.com\/en\/services\/service-repairs\/","title":{"rendered":"Service &amp; repairs"},"content":{"rendered":"\n<h2 class=\"wp-block-heading\">Service, maintenance, return deliveries and repairs<\/h2>\n\n<p>Repairs of probes, sensors and sensors according to ecological and economic aspects<\/p>\n\n<div class=\"wp-block-columns is-layout-flex wp-container-core-columns-is-layout-28f84493 wp-block-columns-is-layout-flex\">\n<div class=\"wp-block-column is-layout-flow wp-block-column-is-layout-flow\" style=\"flex-basis:100%\">\n<div class=\"wp-block-group bg-lightgrey-box\"><div class=\"wp-block-group__inner-container is-layout-constrained wp-block-group-is-layout-constrained\">\n<h3 class=\"wp-block-heading\">Contact us<\/h3>\n\n\n\n<p>Do you have problems and are you looking for solutions? Contact us via the following channels <\/p>\n\n\n\n<ul class=\"wp-block-list is-style-default\">\n<li>Chat\/TEAMS<\/li>\n\n\n\n<li><a href=\"service@aquasant-mt.com\" data-type=\"link\" data-id=\"service@aquasant-mt.com\">Mail<\/a><\/li>\n\n\n\n<li><a href=\"https:\/\/www.aquasant.com\/kontakt\/\"><\/a><a href=\"https:\/\/www.aquasant.com\/kontakt\/\">Telephone<\/a><\/li>\n\n\n\n<li><a href=\"https:\/\/b2w.aquasant.com\/en\/the-company\/company-data\/\" data-type=\"page\" data-id=\"4221\">Information about our company data for returns<\/a><\/li>\n<\/ul>\n<\/div><\/div>\n<\/div>\n<\/div>\n\n<div style=\"height:50px\" aria-hidden=\"true\" class=\"wp-block-spacer\"><\/div>\n\n<div class=\"margintop40 bg-lightblue\">\n    <div class=\"service-container-wrap\">\n        <div class=\"service-container\">\n\n            \n                <div class=\"service-container-top\">\n                \n                    <div class=\"service-container-top-inner active\" data-tab=\"returns\">\n                            <a href=\"#\">\n                                <div class=\"icon normal\" style=\"background-image:url(https:\/\/b2w.aquasant.com\/wp-content\/uploads\/2024\/04\/AQU_Icon_Ruecksendungen.svg)\"><\/div>\n                                <div class=\"icon hover\" style=\"background-image:url(https:\/\/b2w.aquasant.com\/wp-content\/uploads\/2024\/04\/AQU_Icon_Ruecksendungen-hover.svg)\"><\/div>\n                                <h3 id=\"service_title_1\" class=\"service-title title\">Returns<\/h3>\n\n                            <\/a>\n                    <\/div>\n                    \n                    <div class=\"service-container-top-inner \" data-tab=\"service\">\n                            <a href=\"#\">\n                                <div class=\"icon normal\" style=\"background-image:url(https:\/\/b2w.aquasant.com\/wp-content\/uploads\/2024\/04\/AQU_Icons_Service.svg)\"><\/div>\n                                <div class=\"icon hover\" style=\"background-image:url(https:\/\/b2w.aquasant.com\/wp-content\/uploads\/2024\/04\/AQU_Icons_Service-hover.svg)\"><\/div>\n                                <h3 id=\"service_title_2\" class=\"service-title title\">Service<\/h3>\n\n                            <\/a>\n                    <\/div>\n                    \n                    <div class=\"service-container-top-inner \" data-tab=\"on-site-service\">\n                            <a href=\"#\">\n                                <div class=\"icon normal\" style=\"background-image:url(https:\/\/b2w.aquasant.com\/wp-content\/uploads\/2024\/04\/AQU_Icon_Vorortservice.svg)\"><\/div>\n                                <div class=\"icon hover\" style=\"background-image:url(https:\/\/b2w.aquasant.com\/wp-content\/uploads\/2024\/04\/AQU_Icon_Vorortservice-hover.svg)\"><\/div>\n                                <h3 id=\"service_title_3\" class=\"service-title title\">On-site service<\/h3>\n\n                            <\/a>\n                    <\/div>\n                                    <\/div>\n\n                <div class=\"service-container-bottom\">\n                 <div class=\"service-container-bottom-inner \" data-tab=\"returns\" id=\"service_content_0\">\n                            <div class=\"tab-content-header\">\n                                <span class=\"tab-icon\" style=\"background-image:url('https:\/\/b2w.aquasant.com\/wp-content\/uploads\/2024\/04\/AQU_Icon_Ruecksendungen-hover.svg')\"><\/span><h3>\n                                Returns<\/h3>\n                            <\/div> \n                            <!-- wp:paragraph {\"translatedWithWPMLTM\":\"1\"} -->\n<p>If your device needs to be repaired, please proceed as follows:<\/p>\n<!-- \/wp:paragraph --><!-- wp:list {\"className\":\"list-checked\"} -->\n<ul class=\"list-checked\"><!-- wp:list-item {\"translatedWithWPMLTM\":\"1\"} -->\n<li>Download, print out and complete the personal protection <a href=\"https:\/\/b2w.aquasant.com\/wp-content\/uploads\/2024\/04\/Gefahrengutblatt-Sensor-Gefahrgutblatt-1.pdf\" data-type=\"attachment\" data-id=\"2304\">danger sheet<\/a> <\/li>\n<!-- \/wp:list-item -->\n\n<!-- wp:list-item {\"translatedWithWPMLTM\":\"1\"} -->\n<li>Clean the appliance and pack it safely for transportation<\/li>\n<!-- \/wp:list-item -->\n\n<!-- wp:list-item {\"translatedWithWPMLTM\":\"1\"} -->\n<li>Delivery bill with pro forma invoice (from abroad)<\/li>\n<!-- \/wp:list-item -->\n\n<!-- wp:list-item {\"translatedWithWPMLTM\":\"1\"} -->\n<li>Attach <a href=\"https:\/\/b2w.aquasant.com\/wp-content\/uploads\/2024\/04\/Gefahrengutblatt-Sensor-Gefahrgutblatt-1.pdf\" data-type=\"attachment\" data-id=\"2304\">dangerous goods sheet<\/a> for personal protection to packaging<\/li>\n<!-- \/wp:list-item --><\/ul>\n<!-- \/wp:list --><!-- wp:heading {\"level\":5,\"translatedWithWPMLTM\":\"1\"} -->\n<h5 class=\"wp-block-heading\"><strong>Send device to Aquasant:<\/strong><\/h5>\n<!-- \/wp:heading --><!-- wp:columns -->\n<div class=\"wp-block-columns\"><!-- wp:column -->\n<div class=\"wp-block-column\"><!-- wp:paragraph {\"translatedWithWPMLTM\":\"1\"} -->\n<p><strong>Switzerland and Germany:<\/strong><br\/>Aquasant Messtechnik AG<br\/>Repair entrance<br\/>Hauptstrasse 22<br\/>CH-4416 Bubendorf<\/p>\n<!-- \/wp:paragraph --><\/div>\n<!-- \/wp:column -->\n\n<!-- wp:column -->\n<div class=\"wp-block-column\"><!-- wp:paragraph {\"translatedWithWPMLTM\":\"1\"} -->\n<p><strong>International: <\/strong><br\/>Send the device to your local Aquasant representative1<\/p>\n<!-- \/wp:paragraph --><\/div>\n<!-- \/wp:column --><\/div>\n<!-- \/wp:columns --><!-- wp:columns -->\n<div class=\"wp-block-columns\"><!-- wp:column {\"width\":\"100%\"} -->\n<div class=\"wp-block-column\" style=\"flex-basis:100%\"><!-- wp:paragraph {\"translatedWithWPMLTM\":\"1\"} -->\n<p>They help us to carry out repairs quickly and without risk to our employees.<\/p>\n<!-- \/wp:paragraph --><\/div>\n<!-- \/wp:column --><\/div>\n<!-- \/wp:columns --><!-- wp:file {\"id\":2304,\"href\":\"https:\/\/b2w.aquasant.com\/wp-content\/uploads\/2024\/04\/Gefahrengutblatt-Sensor-Gefahrgutblatt-1.pdf\",\"displayPreview\":false,\"translatedWithWPMLTM\":\"1\"} -->\n<div class=\"wp-block-file\"><a id=\"wp-block-file--media-29ebfcd6-7252-4a62-b41e-479586ca814c\" href=\"https:\/\/b2w.aquasant.com\/wp-content\/uploads\/2024\/04\/Gefahrengutblatt-Sensor-Gefahrgutblatt-1.pdf\">Dangerous goods sheet - Sensor dangerous goods sheet<\/a><a href=\"https:\/\/b2w.aquasant.com\/wp-content\/uploads\/2024\/04\/Gefahrengutblatt-Sensor-Gefahrgutblatt-1.pdf\" class=\"wp-block-file__button wp-element-button\" download=\"\" aria-describedby=\"wp-block-file--media-29ebfcd6-7252-4a62-b41e-479586ca814c\">Download<\/a><\/div>\n<!-- \/wp:file -->                        <\/div>\n                     <div class=\"service-container-bottom-inner  displaynone \" data-tab=\"service\" id=\"service_content_1\">\n                            <div class=\"tab-content-header\">\n                                <span class=\"tab-icon\" style=\"background-image:url('https:\/\/b2w.aquasant.com\/wp-content\/uploads\/2024\/04\/AQU_Icons_Service-hover.svg')\"><\/span><h3>\n                                Service<\/h3>\n                            <\/div> \n                            <!-- wp:heading {\"level\":4,\"translatedWithWPMLTM\":\"1\"} -->\n<h4 class=\"wp-block-heading\">Repair and replacement devices<\/h4>\n<!-- \/wp:heading --><!-- wp:paragraph {\"translatedWithWPMLTM\":\"1\"} -->\n<p><strong>Quick help<\/strong> if the worst comes to the worst: A cost-effective replacement of the electronic unit is often all that is needed to make a system available again quickly. Even devices sent in for repair are ready for use again in the shortest possible time. <\/p>\n<!-- \/wp:paragraph --><!-- wp:heading {\"level\":4,\"translatedWithWPMLTM\":\"1\"} -->\n<h4 class=\"wp-block-heading\">Maintenance contract<\/h4>\n<!-- \/wp:heading --><!-- wp:paragraph {\"translatedWithWPMLTM\":\"1\"} -->\n<p>Regular maintenance of overfill prevention systems, ensured by a maintenance contract, keeps costs under control!<\/p>\n<!-- \/wp:paragraph --><!-- wp:list -->\n<ul><!-- wp:list-item {\"translatedWithWPMLTM\":\"1\"} -->\n<li>Possible intervals: annually, every 2 or 3 years<\/li>\n<!-- \/wp:list-item --><\/ul>\n<!-- \/wp:list --><!-- wp:paragraph {\"translatedWithWPMLTM\":\"1\"} -->\n<p>Our service checks the leakage sensors on site in accordance with <em><a href=\"https:\/\/www.citec-suisse.ch\/\">CITEC<\/a><\/em> or Office for Water Protection.<\/p>\n<!-- \/wp:paragraph -->                        <\/div>\n                     <div class=\"service-container-bottom-inner  displaynone \" data-tab=\"on-site-service\" id=\"service_content_2\">\n                            <div class=\"tab-content-header\">\n                                <span class=\"tab-icon\" style=\"background-image:url('https:\/\/b2w.aquasant.com\/wp-content\/uploads\/2024\/04\/AQU_Icon_Vorortservice-hover.svg')\"><\/span><h3>\n                                On-site service<\/h3>\n                            <\/div> \n                            <!-- wp:paragraph {\"translatedWithWPMLTM\":\"1\"} -->\n<p>Our service technician will be happy to assist you on site.<\/p>\n<!-- \/wp:paragraph --><!-- wp:list {\"className\":\"list-checked\"} -->\n<ul class=\"list-checked\"><!-- wp:list-item {\"translatedWithWPMLTM\":\"1\"} -->\n<li>Assemblies<\/li>\n<!-- \/wp:list-item -->\n\n<!-- wp:list-item -->\n<li>Service<\/li>\n<!-- \/wp:list-item -->\n\n<!-- wp:list-item {\"translatedWithWPMLTM\":\"1\"} -->\n<li>Commissioning<\/li>\n<!-- \/wp:list-item -->\n\n<!-- wp:list-item {\"translatedWithWPMLTM\":\"1\"} -->\n<li>System maintenance<\/li>\n<!-- \/wp:list-item --><\/ul>\n<!-- \/wp:list --><!-- wp:paragraph -->\n<p><\/p>\n<!-- \/wp:paragraph -->                        <\/div>\n                                    <\/div>\n\n                        \n        <\/div>\n    <\/div>\n<\/div>\n\n\n\n<div style=\"height:150px\" aria-hidden=\"true\" class=\"wp-block-spacer covering\"><\/div>\n","protected":false},"excerpt":{"rendered":"<p>Service, maintenance, return deliveries and repairs Repairs of probes, sensors and sensors according to ecological and economic aspects Contact us Do you have problems and are you looking for solutions? Contact us via the following channels<\/p>\n","protected":false},"author":3,"featured_media":6223,"parent":7752,"menu_order":0,"comment_status":"closed","ping_status":"closed","template":"page-contact.php","meta":{"_acf_changed":false,"_seopress_robots_primary_cat":"","_seopress_titles_title":"Reparatur Service von Sonden, Sensoren und F\u00fchlern","_seopress_titles_desc":"Die Sonde oder Steuerger\u00e4t ist defekt; wir reparieren nach \u00f6kologischen Gesichtspunkten, \u00fcbergeben Sie uns die Reparaturen, wir offerieren","_seopress_robots_index":"","footnotes":""},"class_list":["post-7753","page","type-page","status-publish","has-post-thumbnail"],"acf":[],"_links":{"self":[{"href":"https:\/\/b2w.aquasant.com\/en\/wp-json\/wp\/v2\/pages\/7753","targetHints":{"allow":["GET"]}}],"collection":[{"href":"https:\/\/b2w.aquasant.com\/en\/wp-json\/wp\/v2\/pages"}],"about":[{"href":"https:\/\/b2w.aquasant.com\/en\/wp-json\/wp\/v2\/types\/page"}],"author":[{"embeddable":true,"href":"https:\/\/b2w.aquasant.com\/en\/wp-json\/wp\/v2\/users\/3"}],"replies":[{"embeddable":true,"href":"https:\/\/b2w.aquasant.com\/en\/wp-json\/wp\/v2\/comments?post=7753"}],"version-history":[{"count":4,"href":"https:\/\/b2w.aquasant.com\/en\/wp-json\/wp\/v2\/pages\/7753\/revisions"}],"predecessor-version":[{"id":7872,"href":"https:\/\/b2w.aquasant.com\/en\/wp-json\/wp\/v2\/pages\/7753\/revisions\/7872"}],"up":[{"embeddable":true,"href":"https:\/\/b2w.aquasant.com\/en\/wp-json\/wp\/v2\/pages\/7752"}],"wp:featuredmedia":[{"embeddable":true,"href":"https:\/\/b2w.aquasant.com\/en\/wp-json\/wp\/v2\/media\/6223"}],"wp:attachment":[{"href":"https:\/\/b2w.aquasant.com\/en\/wp-json\/wp\/v2\/media?parent=7753"}],"curies":[{"name":"wp","href":"https:\/\/api.w.org\/{rel}","templated":true}]}}